{"id":2010,"date":"2021-06-01T00:11:11","date_gmt":"2021-05-31T22:11:11","guid":{"rendered":"https:\/\/www.southbgroup.com\/?page_id=2010"},"modified":"2024-09-12T13:45:29","modified_gmt":"2024-09-12T11:45:29","slug":"services","status":"publish","type":"page","link":"https:\/\/www.southbgroup.com\/fr\/services\/","title":{"rendered":"M\u00c9TIERS"},"content":{"rendered":"<div id=\"cs-content\" class=\"cs-content\"><div class=\"x-section e2010-e1 m1ju-0 m1ju-1 m1ju-2 m1ju-3 m1ju-4\"><div class=\"x-row e2010-e2 m1ju-9 m1ju-a m1ju-b m1ju-c m1ju-d m1ju-e m1ju-f m1ju-g m1ju-h m1ju-o m1ju-p\"><div class=\"x-row-inner\"><div class=\"x-col e2010-e3 m1ju-z m1ju-10 m1ju-11 m1ju-12 m1ju-13\"><div class=\"x-text x-content e2010-e4 m1ju-1a m1ju-1b m1ju-1c m1ju-1d m1ju-1e m1ju-1f\"><p class=\"translation-block\">Promouvoir l\u2019entrepreneuriat<br> et les champions africains<\/p><\/div><\/div><\/div><\/div><div class=\"x-row e2010-e5 m1ju-9 m1ju-a m1ju-b m1ju-c m1ju-d m1ju-e m1ju-f m1ju-h m1ju-o m1ju-q\"><div class=\"x-row-inner\"><div class=\"x-col e2010-e6 m1ju-z m1ju-10 m1ju-11 m1ju-14\"><span class=\"x-image e2010-e7 m1ju-1r m1ju-1s m1ju-1t m1ju-1u\"><img decoding=\"async\" src=\"https:\/\/www.southbgroup.com\/wp-content\/uploads\/2022\/09\/SB_services_slide-scaled_Fre.jpg\" width=\"720\" height=\"372\" alt=\"Image\" loading=\"lazy\"><\/span><\/div><\/div><\/div><\/div><div class=\"x-section e2010-e8 m1ju-0 m1ju-3 m1ju-4 m1ju-5 m1ju-6\"><div class=\"x-row x-container max width e2010-e9 m1ju-9 m1ju-a m1ju-b m1ju-c m1ju-d m1ju-e m1ju-f m1ju-g m1ju-h m1ju-o m1ju-r\"><div class=\"x-row-inner\"><div class=\"x-col e2010-e10 m1ju-z m1ju-10 m1ju-11 m1ju-14\"><div class=\"x-text x-content e2010-e11 m1ju-1b m1ju-1e m1ju-1f m1ju-1g m1ju-1h m1ju-1i\"><p class=\"translation-block\">Une gamme de services compl\u00e8te  <br>\u00e0 travers deux activit\u00e9s ind\u00e9pendantes<\/p><\/div><\/div><\/div><\/div><\/div><div class=\"x-section e2010-e12 m1ju-0 m1ju-1 m1ju-3 m1ju-4 m1ju-6\" id=\"corporate\"><div class=\"x-row x-container max width x-hide-lg x-hide-md x-hide-sm x-hide-xl x-hide-xs e2010-e13 m1ju-9 m1ju-a m1ju-c m1ju-d m1ju-g m1ju-h m1ju-i m1ju-j m1ju-o m1ju-s\"><div class=\"x-row-inner\"><div class=\"x-col e2010-e14 m1ju-z m1ju-11 m1ju-14 m1ju-15 m1ju-16\"><span class=\"x-image e2010-e15 m1ju-1r m1ju-1u m1ju-1v m1ju-1w\"><img decoding=\"async\" src=\"https:\/\/www.southbgroup.com\/wp-content\/uploads\/2021\/12\/SB_service-main-sb.png\" width=\"866\" height=\"666\" alt=\"Image\" loading=\"lazy\"><\/span><\/div><div class=\"x-col e2010-e16 m1ju-z m1ju-11 m1ju-14 m1ju-15\"><div class=\"x-text x-content e2010-e17 m1ju-1a m1ju-1b m1ju-1e m1ju-1i m1ju-1j m1ju-1k\"><p>Conseil<\/p><\/div><div class=\"x-text x-content e2010-e18 m1ju-1b m1ju-1d m1ju-1h m1ju-1l m1ju-1m\"><ul>\n \t<li>Conseil et services financiers aux entreprises<\/li>\n \t<li>Mise en relation des besoins en capitaux et en financement<\/li>\n \t<li>Structuration de projets ambitieux<\/li>\n \t<li>Sovereign advisory, conseils aux \u00c9tats et institutions publiques, mise en \u0153uvre de strat\u00e9gie pour maximiser les actifs, les investissements et les opportunit\u00e9s.<\/li>\n \t<li>Un engagement strat\u00e9gique en faveur de la finance verte et du d\u00e9veloppement durable<\/li>\n<\/ul><\/div><\/div><\/div><\/div><div class=\"x-row x-container max width e2010-e19 m1ju-9 m1ju-a m1ju-b m1ju-c m1ju-d m1ju-e m1ju-k m1ju-t m1ju-u\"><div class=\"x-row-inner\"><div class=\"x-col e2010-e20 m1ju-z m1ju-11 m1ju-14 m1ju-15\"><span class=\"x-image e2010-e21 m1ju-1r m1ju-1u m1ju-1v m1ju-1w\"><img decoding=\"async\" src=\"https:\/\/www.southbgroup.com\/wp-content\/uploads\/2022\/01\/SB-advisory.jpg\" width=\"999\" height=\"666\" alt=\"Image\" loading=\"lazy\"><\/span><\/div><div class=\"x-col e2010-e22 m1ju-z m1ju-11 m1ju-14 m1ju-15\"><div class=\"x-text x-content e2010-e23 m1ju-1a m1ju-1b m1ju-1e m1ju-1i m1ju-1j m1ju-1k\"><p>Conseil<\/p><\/div><div class=\"x-text x-content e2010-e24 m1ju-1b m1ju-1d m1ju-1h m1ju-1l m1ju-1m\"><ul>\n \t<li>Conseil et services financiers aux entreprises<\/li>\n \t<li>Mise en relation des besoins en capitaux et en financement<\/li>\n \t<li>Structuration de projets ambitieux<\/li>\n \t<li>Sovereign advisory, conseils aux \u00c9tats et institutions publiques, mise en \u0153uvre de strat\u00e9gie pour maximiser les actifs, les investissements et les opportunit\u00e9s.<\/li>\n \t<li>Un engagement strat\u00e9gique en faveur de la finance verte et du d\u00e9veloppement durable<\/li>\n<\/ul><\/div><\/div><\/div><\/div><\/div><div class=\"x-section e2010-e25 m1ju-0 m1ju-4 m1ju-5 m1ju-6 m1ju-7\" id=\"sbi\"><div class=\"x-row x-container max width e2010-e26 m1ju-9 m1ju-a m1ju-b m1ju-c m1ju-d m1ju-f m1ju-g m1ju-h m1ju-j m1ju-o m1ju-v\"><div class=\"x-row-inner\"><div class=\"x-col e2010-e27 m1ju-z m1ju-11 m1ju-14 m1ju-15\"><div class=\"x-text x-content e2010-e28 m1ju-1a m1ju-1b m1ju-1e m1ju-1i m1ju-1k\">Gestion d\u2019actifs et investissements<\/div><div class=\"x-text x-content e2010-e29 m1ju-1b m1ju-1d m1ju-1h m1ju-1l m1ju-1m\"><ul>\n \t<li><b>SouthBridge Investment<\/b> incorpor\u00e9 en d\u00e9cembre 2020<\/li>\n \t<li>D\u00e9veloppement et promotion de v\u00e9hicules d\u2019investissement adoptant une vision \u00e0 long-terme pour l\u2019Afrique<\/li>\n \t<li>Solutions innovantes dans les domaines de la technologie, la finance, l\u2019industrie, l\u2019entrepreneuriat f\u00e9minin et les infrastructures vertes et bleues.<\/li>\n \t<li>Investissement direct \u00e0 l\u2019aide de capital \u00e0 long-terme.<\/li>\n<\/ul><\/div><div class=\"x-row e2010-e30 m1ju-9 m1ju-b m1ju-c m1ju-d m1ju-e m1ju-k m1ju-l m1ju-t m1ju-w\"><div class=\"x-row-inner\"><div class=\"x-col e2010-e31 m1ju-11 m1ju-14\"><a class=\"x-anchor x-anchor-button e2010-e32 m1ju-1y\" tabindex=\"0\" href=\"https:\/\/www.southbgroup.com\/fr\/sbi\/\"><div class=\"x-anchor-content\"><div class=\"x-anchor-text\"><span class=\"x-anchor-text-primary\">En savoir plus<\/span><\/div><\/div><\/a><\/div><\/div><\/div><\/div><div class=\"x-col x-hide-lg x-hide-md x-hide-sm x-hide-xl x-hide-xs e2010-e33 m1ju-z m1ju-11 m1ju-14 m1ju-17\"><span class=\"x-image e2010-e34 m1ju-1r m1ju-1w\"><img decoding=\"async\" src=\"https:\/\/www.southbgroup.com\/wp-content\/uploads\/2021\/06\/SB_1.png\" width=\"433\" height=\"333\" alt=\"Image\" loading=\"lazy\"><\/span><\/div><\/div><\/div><\/div><div class=\"x-section e2010-e35 m1ju-0 m1ju-1 m1ju-2 m1ju-3 m1ju-4\"><div class=\"x-row x-container max width e2010-e36 m1ju-9 m1ju-a m1ju-d m1ju-g m1ju-h m1ju-i m1ju-j m1ju-m m1ju-o m1ju-x\"><div class=\"x-row-inner\"><div class=\"x-col e2010-e37 m1ju-z m1ju-11 m1ju-14 m1ju-15 m1ju-16\"><span class=\"x-image e2010-e38 m1ju-1r m1ju-1u m1ju-1v m1ju-1w\"><img decoding=\"async\" src=\"https:\/\/www.southbgroup.com\/wp-content\/uploads\/2021\/12\/SB_service-team-.png\" width=\"866\" height=\"666\" alt=\"Image\" loading=\"lazy\"><\/span><\/div><div class=\"x-col e2010-e39 m1ju-z m1ju-11 m1ju-14 m1ju-15\"><div class=\"x-text x-content e2010-e40 m1ju-1a m1ju-1b m1ju-1e m1ju-1i m1ju-1k m1ju-1n\">Une \u00e9quipe d\u00e9di\u00e9e de professionnels cr\u00e9atifs<\/div><div class=\"x-text x-content e2010-e41 m1ju-1b m1ju-1d m1ju-1h m1ju-1l m1ju-1m\"><ul>\n<li>More than 50 experienced staff from around 20 countries across the continent<\/li>\n<li>Un r\u00e9seau de personnalit\u00e9s engag\u00e9es, d\u2019experts et de relations entrepreneuriales dans le monde entier.<\/li>\n<\/ul><\/div><\/div><\/div><\/div><\/div><div class=\"x-section e2010-e42 m1ju-0 m1ju-1 m1ju-2 m1ju-3 m1ju-8\"><div class=\"x-row e2010-e43 m1ju-9 m1ju-a m1ju-b m1ju-c m1ju-e m1ju-f m1ju-h m1ju-n m1ju-o m1ju-y\"><div class=\"x-row-inner\"><div class=\"x-col e2010-e44 m1ju-z m1ju-10 m1ju-11 m1ju-13 m1ju-18\"><div class=\"x-text x-content e2010-e45 m1ju-1a m1ju-1b m1ju-1i m1ju-1j m1ju-1k m1ju-1o m1ju-1p\">Quatre bureaux proches de nos clients et partenaires<\/div><div class=\"x-text x-content e2010-e46 m1ju-1b m1ju-1d m1ju-1h m1ju-1j m1ju-1m m1ju-1o m1ju-1q\"><ul>\n \t<li>Kigali<\/li>\n \t<li>Abidjan<\/li>\n \t<li>Paris<\/li>\n \t<li>Londres<\/li>\n<\/ul><\/div><\/div><div class=\"x-col e2010-e47 m1ju-z m1ju-10 m1ju-11 m1ju-14 m1ju-16 m1ju-19\"><span class=\"x-image e2010-e48 m1ju-1r m1ju-1s m1ju-1u m1ju-1x\"><img decoding=\"async\" src=\"https:\/\/www.southbgroup.com\/wp-content\/uploads\/2022\/09\/SB_Location.png\" width=\"2813\" height=\"1471\" alt=\"Image\" loading=\"lazy\"><\/span><\/div><\/div><\/div><\/div><\/div>","protected":false},"excerpt":{"rendered":"<p>Promoting African champions &amp; African entrepreneurshipA full range of services through two independent business linesAdvisory Corporate financial advisory and services Connecting capital and financing needs Structuring ambitious projects Strategic sovereign advisory and implementation to maximize assets, investments, and opportunities A strategic commitment to green finance and sustainable development Advisory Corporate financial advisory and services Connecting capital and financing needs Structuring &#8230; <\/p>\n<div><a href=\"https:\/\/www.southbgroup.com\/fr\/services\/\" class=\"more-link\">En savoir plus<\/a><\/div>","protected":false},"author":9,"featured_media":0,"parent":0,"menu_order":0,"comment_status":"closed","ping_status":"closed","template":"template-blank-4.php","meta":{"_acf_changed":false,"_crdt_document":"","rs_blank_template":"","rs_page_bg_color":"","slide_template_v7":"","inline_featured_image":false,"footnotes":""},"class_list":["post-2010","page","type-page","status-publish","hentry","no-post-thumbnail"],"acf":[],"_links":{"self":[{"href":"https:\/\/www.southbgroup.com\/fr\/wp-json\/wp\/v2\/pages\/2010","targetHints":{"allow":["GET"]}}],"collection":[{"href":"https:\/\/www.southbgroup.com\/fr\/wp-json\/wp\/v2\/pages"}],"about":[{"href":"https:\/\/www.southbgroup.com\/fr\/wp-json\/wp\/v2\/types\/page"}],"author":[{"embeddable":true,"href":"https:\/\/www.southbgroup.com\/fr\/wp-json\/wp\/v2\/users\/9"}],"replies":[{"embeddable":true,"href":"https:\/\/www.southbgroup.com\/fr\/wp-json\/wp\/v2\/comments?post=2010"}],"version-history":[{"count":21,"href":"https:\/\/www.southbgroup.com\/fr\/wp-json\/wp\/v2\/pages\/2010\/revisions"}],"predecessor-version":[{"id":2939,"href":"https:\/\/www.southbgroup.com\/fr\/wp-json\/wp\/v2\/pages\/2010\/revisions\/2939"}],"wp:attachment":[{"href":"https:\/\/www.southbgroup.com\/fr\/wp-json\/wp\/v2\/media?parent=2010"}],"curies":[{"name":"wp","href":"https:\/\/api.w.org\/{rel}","templated":true}]}}