{"id":2048,"date":"2021-06-18T12:46:57","date_gmt":"2021-06-18T10:46:57","guid":{"rendered":"https:\/\/www.southbgroup.com\/?page_id=2048"},"modified":"2024-11-12T09:12:31","modified_gmt":"2024-11-12T08:12:31","slug":"teams","status":"publish","type":"page","link":"https:\/\/www.southbgroup.com\/fr\/teams\/","title":{"rendered":"NOS \u00c9QUIPES"},"content":{"rendered":"<div id=\"cs-content\" class=\"cs-content\"><div class=\"x-section e2048-e1 m1kw-0 m1kw-1 m1kw-2 m1kw-3\"><div class=\"x-row x-container max width e2048-e2 m1kw-8 m1kw-9 m1kw-a m1kw-b m1kw-j\"><div class=\"x-row-inner\"><div class=\"x-col e2048-e3 m1kw-10 m1kw-11 m1kw-12\"><div class=\"x-text x-content e2048-e4 m1kw-17 m1kw-18 m1kw-19 m1kw-1a m1kw-1b\">Une \u00e9quipe pour l\u2019Afrique<br\/>\n<span style=\"color:#fff;\">A<\/span><\/div><\/div><\/div><\/div><div class=\"x-row e2048-e5 m1kw-8 m1kw-9 m1kw-a m1kw-c m1kw-d m1kw-k m1kw-l\"><div class=\"x-row-inner\"><div class=\"x-col e2048-e6 m1kw-10 m1kw-11 m1kw-13\"><div class=\"x-flexslider-shortcode-container\"><div id=\"team-slides\" class=\"x-flexslider x-flexslider-shortcode x-flexslider-shortcode-1\" data-x-element-slider=\"{&quot;animation&quot;:&quot;fade&quot;,&quot;reverse&quot;:false,&quot;slideTime&quot;:&quot;3500&quot;,&quot;slideSpeed&quot;:&quot;750&quot;,&quot;controlNav&quot;:false,&quot;prevNextNav&quot;:false,&quot;slideshow&quot;:true,&quot;random&quot;:false,&quot;touch&quot;:false,&quot;pauseOnHover&quot;:false}\" ><ul class=\"x-slides\"><li id=\"slide1\" class=\"x-slide\" ><img decoding=\"async\" src=\"https:\/\/www.southbgroup.com\/wp-content\/uploads\/2022\/02\/TEAM-Slider-images.jpg\" alt=\"Placeholder\"><\/li><li id=\"slide2\" class=\"x-slide\" ><img decoding=\"async\" src=\"https:\/\/www.southbgroup.com\/wp-content\/uploads\/2022\/02\/TEAM-Slider-images2-1.jpg\" alt=\"Placeholder\"><\/li><li id=\"slide3\" class=\"x-slide\" ><img decoding=\"async\" src=\"https:\/\/www.southbgroup.com\/wp-content\/uploads\/2022\/02\/TEAM-Slider-images3-1.jpg\" alt=\"Placeholder\"><\/li><li id=\"slide4\" class=\"x-slide\" ><img decoding=\"async\" src=\"https:\/\/www.southbgroup.com\/wp-content\/uploads\/2022\/02\/TEAM-Slider-images4-1.jpg\" alt=\"Placeholder\"><\/li><\/ul><\/div><\/div><div class=\"x-text x-content x-hide-lg x-hide-md x-hide-sm x-hide-xl x-hide-xs e2048-e12 m1kw-17 m1kw-18 m1kw-1c m1kw-1d m1kw-1e m1kw-1f\">Une \u00e9quipe pour l\u2019Afrique<\/div><div class=\"x-text x-content x-hide-lg x-hide-md x-hide-sm x-hide-xl x-hide-xs e2048-e13 m1kw-17 m1kw-18 m1kw-1d m1kw-1e m1kw-1f m1kw-1g\">Une \u00e9quipe pour l\u2019Afrique<\/div><\/div><\/div><\/div><\/div><div class=\"x-section e2048-e14 m1kw-0 m1kw-4 m1kw-5\"><div class=\"x-row x-container max width e2048-e15 m1kw-8 m1kw-9 m1kw-a m1kw-c m1kw-d m1kw-e m1kw-k m1kw-m\"><div class=\"x-row-inner\"><div class=\"x-col e2048-e16 m1kw-10 m1kw-11 m1kw-13\"><div class=\"x-text x-content e2048-e17 m1kw-17 m1kw-18 m1kw-1b m1kw-1d m1kw-1h m1kw-1i\">Leadership et expertise<\/div><\/div><\/div><\/div><\/div><div class=\"x-section e2048-e18 m1kw-0 m1kw-1 m1kw-2 m1kw-3\"><div class=\"x-row e2048-e19 m1kw-8 m1kw-9 m1kw-a m1kw-c m1kw-d m1kw-k m1kw-n\"><div class=\"x-row-inner\"><div class=\"x-col e2048-e20 m1kw-10 m1kw-11 m1kw-13 m1kw-14\"><div class=\"x-text x-content e2048-e21 m1kw-18 m1kw-1a m1kw-1i m1kw-1j m1kw-1k m1kw-1l\"><p>SouthBridge a rassembl\u00e9 une \u00e9quipe de professionnels exp\u00e9riment\u00e9s s\u2019appuyant \u00e0 la fois sur une connaissance du terrain et une approche globale.<\/p>\n<p>Nous sommes id\u00e9alement plac\u00e9s pour saisir les opportunit\u00e9s offertes par le continent.<\/p>\n<p>Nos \u00e9quipes s\u2019appuient sur une approche multidisciplinaire, dans laquelle l\u2019expertise, les connaissances et les parcours de chacun nourrissent la r\u00e9ussite du collectif<\/p>\n<p>Et chacun d\u2019entre nous peut se sentir chez lui, en Afrique.<\/p><\/div><\/div><\/div><\/div><\/div><div class=\"x-section e2048-e22 m1kw-0 m1kw-3 m1kw-4\"><div class=\"x-row x-container max width e2048-e23 m1kw-8 m1kw-9 m1kw-a m1kw-c m1kw-d m1kw-e m1kw-k m1kw-o\"><div class=\"x-row-inner\"><div class=\"x-col e2048-e24 m1kw-10 m1kw-11 m1kw-13\"><div class=\"x-text x-content e2048-e25 m1kw-17 m1kw-18 m1kw-1b m1kw-1d m1kw-1h m1kw-1i\">Un management mobilis\u00e9<\/div><\/div><\/div><\/div><\/div><div class=\"x-section e2048-e26 m1kw-0 m1kw-2 m1kw-3 m1kw-6\"><div class=\"x-row x-container max width e2048-e27 m1kw-8 m1kw-d m1kw-f m1kw-g m1kw-h m1kw-k m1kw-p\"><div class=\"x-row-inner\"><div class=\"x-col e2048-e28 m1kw-10 m1kw-13 m1kw-15 m1kw-16\"><span class=\"x-image e2048-e29 m1kw-1u\"><img decoding=\"async\" src=\"https:\/\/www.southbgroup.com\/wp-content\/uploads\/2021\/06\/SB_8.png\" width=\"200\" height=\"200\" alt=\"Image\" loading=\"lazy\"><\/span><div class=\"x-text x-content e2048-e30 m1kw-17 m1kw-18 m1kw-1a m1kw-1e m1kw-1i m1kw-1m m1kw-1n\">Donald Kaberuka<\/div><div class=\"x-text x-content e2048-e31 m1kw-17 m1kw-18 m1kw-1a m1kw-1e m1kw-1i m1kw-1o\">Managing Partner<\/div><div class=\"x-text x-content e2048-e32 m1kw-17 m1kw-18 m1kw-1a m1kw-1e m1kw-1i m1kw-1p m1kw-1q\">-<\/div><\/div><div class=\"x-col e2048-e33 m1kw-10 m1kw-13 m1kw-15 m1kw-16\"><span class=\"x-image e2048-e34 m1kw-1u\"><img decoding=\"async\" src=\"https:\/\/www.southbgroup.com\/wp-content\/uploads\/2021\/06\/SB_12.png\" width=\"200\" height=\"200\" alt=\"Image\" loading=\"lazy\"><\/span><div class=\"x-text x-content e2048-e35 m1kw-17 m1kw-18 m1kw-1a m1kw-1e m1kw-1i m1kw-1m m1kw-1n\">Lionel Zinsou<\/div><div class=\"x-text x-content e2048-e36 m1kw-17 m1kw-18 m1kw-1a m1kw-1e m1kw-1i m1kw-1o\">Managing Partner<\/div><div class=\"x-text x-content e2048-e37 m1kw-17 m1kw-18 m1kw-1a m1kw-1e m1kw-1i m1kw-1p m1kw-1q\">-<\/div><\/div><div class=\"x-col e2048-e38 m1kw-10 m1kw-11 m1kw-13 m1kw-16\"><span class=\"x-image e2048-e39 m1kw-1u\"><img decoding=\"async\" src=\"https:\/\/www.southbgroup.com\/wp-content\/uploads\/2024\/10\/SBI_Team_Frannie-2.png\" width=\"200\" height=\"200\" alt=\"Image\" loading=\"lazy\"><\/span><div class=\"x-text x-content e2048-e40 m1kw-17 m1kw-18 m1kw-1a m1kw-1e m1kw-1i m1kw-1m m1kw-1n\">Frannie Leautier<\/div><div class=\"x-text x-content e2048-e41 m1kw-17 m1kw-18 m1kw-1a m1kw-1e m1kw-1i m1kw-1o\">CEO de Southbridge Investments, Partner<\/div><div class=\"x-text x-content e2048-e42 m1kw-17 m1kw-18 m1kw-1a m1kw-1e m1kw-1i m1kw-1p m1kw-1q\">-<\/div><\/div><\/div><\/div><div class=\"x-row x-container max width e2048-e43 m1kw-8 m1kw-d m1kw-f m1kw-g m1kw-h m1kw-k m1kw-q\"><div class=\"x-row-inner\"><div class=\"x-col e2048-e44 m1kw-10 m1kw-13 m1kw-15 m1kw-16\"><span class=\"x-image e2048-e45 m1kw-1u\"><img decoding=\"async\" src=\"https:\/\/www.southbgroup.com\/wp-content\/uploads\/2021\/06\/SB_6.png\" width=\"200\" height=\"200\" alt=\"Image\" loading=\"lazy\"><\/span><div class=\"x-text x-content e2048-e46 m1kw-17 m1kw-18 m1kw-1a m1kw-1e m1kw-1i m1kw-1m m1kw-1n\">John B. Birungi<\/div><div class=\"x-text x-content e2048-e47 m1kw-17 m1kw-18 m1kw-1a m1kw-1e m1kw-1i m1kw-1o\">Partner<\/div><div class=\"x-text x-content x-hide-lg x-hide-md x-hide-sm x-hide-xl x-hide-xs e2048-e48 m1kw-17 m1kw-18 m1kw-1a m1kw-1e m1kw-1i m1kw-1p m1kw-1r\">Kigali<\/div><\/div><div class=\"x-col e2048-e49 m1kw-10 m1kw-11 m1kw-13 m1kw-16\"><span class=\"x-image e2048-e50 m1kw-1u\"><img decoding=\"async\" src=\"https:\/\/www.southbgroup.com\/wp-content\/uploads\/2021\/11\/SB_Emeryc.png\" width=\"200\" height=\"200\" alt=\"Image\" loading=\"lazy\"><\/span><div class=\"x-text x-content e2048-e51 m1kw-17 m1kw-18 m1kw-1a m1kw-1e m1kw-1i m1kw-1m m1kw-1n\">Emeryc Kpenou<\/div><div class=\"x-text x-content e2048-e52 m1kw-17 m1kw-18 m1kw-1a m1kw-1e m1kw-1i m1kw-1o\">Partner<\/div><div class=\"x-text x-content x-hide-lg x-hide-md x-hide-sm x-hide-xl x-hide-xs e2048-e53 m1kw-17 m1kw-18 m1kw-1a m1kw-1e m1kw-1i m1kw-1p m1kw-1r\">Abidjan<\/div><\/div><div class=\"x-col e2048-e54 m1kw-10 m1kw-13 m1kw-15 m1kw-16\"><span class=\"x-image e2048-e55 m1kw-1u\"><img decoding=\"async\" src=\"https:\/\/www.southbgroup.com\/wp-content\/uploads\/2020\/02\/SB_Caroline.png\" width=\"200\" height=\"200\" alt=\"Image\" loading=\"lazy\"><\/span><div class=\"x-text x-content e2048-e56 m1kw-17 m1kw-18 m1kw-1a m1kw-1e m1kw-1i m1kw-1m m1kw-1n\">Caroline Ndirangu<\/div><div class=\"x-text x-content e2048-e57 m1kw-17 m1kw-18 m1kw-1a m1kw-1e m1kw-1i m1kw-1o\">Directrice Financi\u00e8re du Groupe<\/div><div class=\"x-text x-content e2048-e58 m1kw-17 m1kw-18 m1kw-1a m1kw-1e m1kw-1i m1kw-1p m1kw-1q\">-<\/div><\/div><\/div><\/div><div class=\"x-row x-container max width e2048-e59 m1kw-8 m1kw-d m1kw-f m1kw-h m1kw-i m1kw-k m1kw-r\"><div class=\"x-row-inner\"><\/div><\/div><div class=\"x-row x-container max width x-hide-lg x-hide-md x-hide-sm x-hide-xl x-hide-xs e2048-e60 m1kw-8 m1kw-d m1kw-f m1kw-h m1kw-i m1kw-k m1kw-s\"><div class=\"x-row-inner\"><div class=\"x-col e2048-e61 m1kw-10 m1kw-13 m1kw-15 m1kw-16\"><span class=\"x-image e2048-e62 m1kw-1u\"><img decoding=\"async\" src=\"https:\/\/www.southbgroup.com\/wp-content\/uploads\/2021\/06\/SB_10.png\" width=\"200\" height=\"200\" alt=\"Image\" loading=\"lazy\"><\/span><div class=\"x-text x-content e2048-e63 m1kw-17 m1kw-18 m1kw-1a m1kw-1e m1kw-1i m1kw-1m m1kw-1n\">Andrew Alli<\/div><div class=\"x-text x-content e2048-e64 m1kw-17 m1kw-18 m1kw-1a m1kw-1e m1kw-1i m1kw-1o\">Group CEO, Partner<\/div><div class=\"x-text x-content e2048-e65 m1kw-17 m1kw-18 m1kw-1a m1kw-1e m1kw-1i m1kw-1p m1kw-1q\">-<\/div><\/div><div class=\"x-col e2048-e66 m1kw-10 m1kw-13 m1kw-15 m1kw-16\"><span class=\"x-image e2048-e67 m1kw-1u\"><img decoding=\"async\" src=\"https:\/\/www.southbgroup.com\/wp-content\/uploads\/2020\/02\/SB_Caroline.png\" width=\"200\" height=\"200\" alt=\"Image\" loading=\"lazy\"><\/span><div class=\"x-text x-content e2048-e68 m1kw-17 m1kw-18 m1kw-1a m1kw-1e m1kw-1i m1kw-1m m1kw-1n\">Caroline Ndirangu<\/div><div class=\"x-text x-content e2048-e69 m1kw-17 m1kw-18 m1kw-1a m1kw-1e m1kw-1i m1kw-1o\">Directrice Financi\u00e8re du Groupe<\/div><div class=\"x-text x-content e2048-e70 m1kw-17 m1kw-18 m1kw-1a m1kw-1e m1kw-1i m1kw-1p m1kw-1q\">-<\/div><\/div><div class=\"x-col e2048-e71 m1kw-10 m1kw-13 m1kw-15 m1kw-16\"><span class=\"x-image e2048-e72 m1kw-1u\"><img decoding=\"async\" src=\"https:\/\/www.southbgroup.com\/wp-content\/uploads\/2022\/03\/SB_Claire.png\" width=\"200\" height=\"200\" alt=\"Image\" loading=\"lazy\"><\/span><div class=\"x-text x-content e2048-e73 m1kw-17 m1kw-18 m1kw-1a m1kw-1e m1kw-1i m1kw-1m m1kw-1n\">Claire-Marie Toup\u00e9<\/div><div class=\"x-text x-content e2048-e74 m1kw-17 m1kw-18 m1kw-1a m1kw-1e m1kw-1i m1kw-1o\">Conseill\u00e8re Juridique<\/div><div class=\"x-text x-content e2048-e75 m1kw-17 m1kw-18 m1kw-1a m1kw-1e m1kw-1i m1kw-1p m1kw-1q\">-<\/div><\/div><\/div><\/div><div class=\"x-row x-container max width e2048-e76 m1kw-8 m1kw-9 m1kw-c m1kw-d m1kw-h m1kw-k m1kw-t\"><div class=\"x-row-inner\"><div class=\"x-col e2048-e77 m1kw-10 m1kw-11 m1kw-13\"><hr class=\"x-line e2048-e78 m1kw-1v\"\/><div class=\"x-text x-content e2048-e79 m1kw-18 m1kw-1a m1kw-1i m1kw-1l m1kw-1m m1kw-1s\"><p>A staff of over 50 dedicated people<br \/>provenant de 20 pays \u00e0 travers le continent,<br \/>d\u00e9sireux de faire bouger les lignes<\/p><\/div><hr class=\"x-line e2048-e80 m1kw-1v\"\/><a class=\"x-anchor x-anchor-button e2048-e81 m1kw-1w\" tabindex=\"0\" href=\"https:\/\/www.southbgroup.com\/fr\/people\/\"><div class=\"x-anchor-content\"><div class=\"x-anchor-text\"><span class=\"x-anchor-text-primary\">En savoir plus<\/span><\/div><\/div><\/a><\/div><\/div><\/div><\/div><div class=\"x-section e2048-e82 m1kw-0 m1kw-4 m1kw-5\"><div class=\"x-row x-container max width e2048-e83 m1kw-8 m1kw-9 m1kw-a m1kw-c m1kw-d m1kw-e m1kw-k m1kw-u\"><div class=\"x-row-inner\"><div class=\"x-col e2048-e84 m1kw-10 m1kw-11 m1kw-13\"><div class=\"x-text x-content e2048-e85 m1kw-17 m1kw-18 m1kw-1b m1kw-1d m1kw-1h m1kw-1i\"><p class=\"translation-block\">Un conseil d\u2019administration compos\u00e9 de <br>personnalit\u00e9s exp\u00e9riment\u00e9es et hautement qualifi\u00e9es<\/p><\/div><\/div><\/div><\/div><\/div><div class=\"x-section e2048-e86 m1kw-0 m1kw-3 m1kw-6 m1kw-7\"><div class=\"x-row x-container max width e2048-e87 m1kw-8 m1kw-d m1kw-f m1kw-g m1kw-h m1kw-k m1kw-v\"><div class=\"x-row-inner\"><div class=\"x-col e2048-e88 m1kw-10 m1kw-13 m1kw-15 m1kw-16\"><span class=\"x-image e2048-e89 m1kw-1u\"><img decoding=\"async\" src=\"https:\/\/www.southbgroup.com\/wp-content\/uploads\/2021\/06\/SB_8.png\" width=\"200\" height=\"200\" alt=\"Image\" loading=\"lazy\"><\/span><div class=\"x-text x-content e2048-e90 m1kw-17 m1kw-18 m1kw-1a m1kw-1e m1kw-1i m1kw-1m m1kw-1n\">Donald Kaberuka<\/div><div class=\"x-text x-content e2048-e91 m1kw-17 m1kw-18 m1kw-1a m1kw-1e m1kw-1i m1kw-1o\">Managing Partner<\/div><div class=\"x-text x-content e2048-e92 m1kw-17 m1kw-18 m1kw-1a m1kw-1e m1kw-1i m1kw-1p m1kw-1q\">-<\/div><\/div><div class=\"x-col e2048-e93 m1kw-10 m1kw-13 m1kw-15 m1kw-16\"><span class=\"x-image e2048-e94 m1kw-1u\"><img decoding=\"async\" src=\"https:\/\/www.southbgroup.com\/wp-content\/uploads\/2021\/06\/SB_12.png\" width=\"200\" height=\"200\" alt=\"Image\" loading=\"lazy\"><\/span><div class=\"x-text x-content e2048-e95 m1kw-17 m1kw-18 m1kw-1a m1kw-1e m1kw-1i m1kw-1m m1kw-1n\">Lionel Zinsou<\/div><div class=\"x-text x-content e2048-e96 m1kw-17 m1kw-18 m1kw-1a m1kw-1e m1kw-1i m1kw-1o\">Managing Partner<\/div><div class=\"x-text x-content e2048-e97 m1kw-17 m1kw-18 m1kw-1a m1kw-1e m1kw-1i m1kw-1p m1kw-1q\">-<\/div><\/div><div class=\"x-col e2048-e98 m1kw-10 m1kw-13 m1kw-15 m1kw-16\"><span class=\"x-image e2048-e99 m1kw-1u\"><img decoding=\"async\" src=\"https:\/\/www.southbgroup.com\/wp-content\/uploads\/2024\/11\/Ken-ken.png\" width=\"200\" height=\"200\" alt=\"Image\" loading=\"lazy\"><\/span><div class=\"x-text x-content e2048-e100 m1kw-17 m1kw-18 m1kw-1a m1kw-1e m1kw-1i m1kw-1m m1kw-1n\"><p>Kenny Curpen<\/p><\/div><div class=\"x-text x-content e2048-e101 m1kw-17 m1kw-18 m1kw-1a m1kw-1e m1kw-1i m1kw-1o\"><p>Resident Director (Ocorian)<\/p><\/div><div class=\"x-text x-content e2048-e102 m1kw-17 m1kw-18 m1kw-1a m1kw-1e m1kw-1i m1kw-1p m1kw-1q\">-<\/div><\/div><\/div><\/div><div class=\"x-row x-container max width e2048-e103 m1kw-8 m1kw-d m1kw-f m1kw-g m1kw-h m1kw-k m1kw-w\"><div class=\"x-row-inner\"><div class=\"x-col e2048-e104 m1kw-10 m1kw-13 m1kw-15 m1kw-16\"><span class=\"x-image e2048-e105 m1kw-1u\"><img decoding=\"async\" src=\"https:\/\/www.southbgroup.com\/wp-content\/uploads\/2021\/06\/SB_14.png\" width=\"200\" height=\"200\" alt=\"Image\" loading=\"lazy\"><\/span><div class=\"x-text x-content e2048-e106 m1kw-17 m1kw-18 m1kw-1a m1kw-1e m1kw-1i m1kw-1m m1kw-1n\">Fayaz Doobarry<\/div><div class=\"x-text x-content e2048-e107 m1kw-17 m1kw-18 m1kw-1a m1kw-1e m1kw-1i m1kw-1o\">Resident Director (Ocorian)<\/div><div class=\"x-text x-content e2048-e108 m1kw-17 m1kw-18 m1kw-1a m1kw-1e m1kw-1i m1kw-1p m1kw-1q\">-<\/div><\/div><div class=\"x-col e2048-e109 m1kw-10 m1kw-13 m1kw-15 m1kw-16\"><span class=\"x-image e2048-e110 m1kw-1u\"><img decoding=\"async\" src=\"https:\/\/www.southbgroup.com\/wp-content\/uploads\/2021\/06\/SB_17.png\" width=\"200\" height=\"200\" alt=\"Image\" loading=\"lazy\"><\/span><div class=\"x-text x-content e2048-e111 m1kw-17 m1kw-18 m1kw-1a m1kw-1e m1kw-1i m1kw-1m m1kw-1n\">Thoko Moyo<\/div><div class=\"x-text x-content e2048-e112 m1kw-17 m1kw-18 m1kw-1a m1kw-1e m1kw-1i m1kw-1o\">Independent Director<\/div><div class=\"x-text x-content e2048-e113 m1kw-17 m1kw-18 m1kw-1a m1kw-1e m1kw-1i m1kw-1p m1kw-1q\">-<\/div><\/div><\/div><\/div><div class=\"x-row x-container max width x-hide-lg x-hide-md x-hide-sm x-hide-xl x-hide-xs e2048-e114 m1kw-8 m1kw-d m1kw-f m1kw-g m1kw-h m1kw-k m1kw-x\"><div class=\"x-row-inner\"><div class=\"x-col e2048-e115 m1kw-10 m1kw-13 m1kw-15 m1kw-16\"><span class=\"x-image e2048-e116 m1kw-1u\"><img decoding=\"async\" src=\"https:\/\/www.southbgroup.com\/wp-content\/uploads\/2021\/06\/SB_18.png\" width=\"200\" height=\"200\" alt=\"Image\" loading=\"lazy\"><\/span><div class=\"x-text x-content e2048-e117 m1kw-17 m1kw-18 m1kw-1a m1kw-1e m1kw-1i m1kw-1m m1kw-1n\">Richard Arlove<\/div><div class=\"x-text x-content e2048-e118 m1kw-17 m1kw-18 m1kw-1a m1kw-1e m1kw-1i m1kw-1o\">Resident Independent Director<\/div><div class=\"x-text x-content e2048-e119 m1kw-17 m1kw-18 m1kw-1a m1kw-1e m1kw-1i m1kw-1p m1kw-1q\">-<\/div><\/div><div class=\"x-col e2048-e120 m1kw-10 m1kw-13 m1kw-15 m1kw-16\"><span class=\"x-image e2048-e121 m1kw-1u\"><img decoding=\"async\" src=\"https:\/\/www.southbgroup.com\/wp-content\/uploads\/2021\/06\/SB_people_6.jpg\" width=\"200\" height=\"200\" alt=\"Image\" loading=\"lazy\"><\/span><div class=\"x-text x-content e2048-e122 m1kw-17 m1kw-18 m1kw-1a m1kw-1e m1kw-1i m1kw-1m m1kw-1n\">Colin Mukete<\/div><div class=\"x-text x-content e2048-e123 m1kw-17 m1kw-18 m1kw-1a m1kw-1e m1kw-1i m1kw-1o\">Lead Independent Director<\/div><div class=\"x-text x-content e2048-e124 m1kw-17 m1kw-18 m1kw-1a m1kw-1e m1kw-1i m1kw-1p m1kw-1q\">-<\/div><\/div><div class=\"x-col e2048-e125 m1kw-10 m1kw-13 m1kw-15 m1kw-16\"><span class=\"x-image e2048-e126 m1kw-1u\"><img decoding=\"async\" src=\"https:\/\/www.southbgroup.com\/wp-content\/uploads\/2021\/06\/SB_15.png\" width=\"200\" height=\"200\" alt=\"Image\" loading=\"lazy\"><\/span><div class=\"x-text x-content e2048-e127 m1kw-17 m1kw-18 m1kw-1a m1kw-1e m1kw-1i m1kw-1m m1kw-1n\">Fatoumata Ba<\/div><div class=\"x-text x-content e2048-e128 m1kw-17 m1kw-18 m1kw-1a m1kw-1e m1kw-1i m1kw-1o\">Independent Director<\/div><div class=\"x-text x-content e2048-e129 m1kw-17 m1kw-18 m1kw-1a m1kw-1e m1kw-1i m1kw-1p m1kw-1q\">-<\/div><\/div><div class=\"x-col e2048-e130 m1kw-10 m1kw-13 m1kw-15 m1kw-16\"><span class=\"x-image e2048-e131 m1kw-1u\"><img decoding=\"async\" src=\"https:\/\/www.southbgroup.com\/wp-content\/uploads\/2021\/06\/SB_16.png\" width=\"200\" height=\"200\" alt=\"Image\" loading=\"lazy\"><\/span><div class=\"x-text x-content e2048-e132 m1kw-17 m1kw-18 m1kw-1a m1kw-1e m1kw-1i m1kw-1m m1kw-1n\">Isis Nyong\u2019o Madison<\/div><div class=\"x-text x-content e2048-e133 m1kw-17 m1kw-18 m1kw-1a m1kw-1e m1kw-1i m1kw-1o\">Independent Director<\/div><div class=\"x-text x-content e2048-e134 m1kw-17 m1kw-18 m1kw-1a m1kw-1e m1kw-1i m1kw-1p m1kw-1q\">-<\/div><\/div><\/div><\/div><\/div><div class=\"x-section e2048-e135 m1kw-0 m1kw-3 m1kw-4\"><div class=\"x-row x-container max width e2048-e136 m1kw-8 m1kw-9 m1kw-a m1kw-c m1kw-d m1kw-e m1kw-k m1kw-y\"><div class=\"x-row-inner\"><div class=\"x-col e2048-e137 m1kw-10 m1kw-11 m1kw-13\"><div class=\"x-text x-content e2048-e138 m1kw-17 m1kw-18 m1kw-1b m1kw-1d m1kw-1h m1kw-1i\"><p class=\"translation-block\">Promouvoir la diversit\u00e9 <br>et les talents du continent<\/p><\/div><\/div><\/div><\/div><\/div><div class=\"x-section e2048-e139 m1kw-0 m1kw-1 m1kw-2 m1kw-3\"><div class=\"x-row e2048-e140 m1kw-8 m1kw-a m1kw-d m1kw-f m1kw-i m1kw-k m1kw-z\"><div class=\"x-row-inner\"><div class=\"x-col e2048-e141 m1kw-10 m1kw-11 m1kw-13\"><div class=\"x-text x-content e2048-e142 m1kw-18 m1kw-1a m1kw-1i m1kw-1k m1kw-1l m1kw-1t\"><p class=\"translation-block\">SouthBridge s\u2019engage \u00e0 offrir des chemins de carri\u00e8res motivants dans les domaines du conseil financier et de la gestion d\u2019actifs aux meilleurs talents africains.<\/p>\n<p>Nous sommes \u00e9galement soucieux de promouvoir un environnement de travail int\u00e8gre, inclusif, attach\u00e9s particuli\u00e8rement \u00e0 la promotion des femmes au sein de l\u2019entreprise.<\/p>\n<p class=\"translation-block\">Nous nous engageons \u00e0 transmettre le savoir par \u00ab lien g\u00e9n\u00e9rationnel \u00bb au sein de nos \u00e9quipes.<\/p>\n<p class=\"translation-block\">Finalement, nous voulons d\u00e9velopper un v\u00e9ritable savoir-faire,<br> une exp\u00e9rience financi\u00e8re r\u00e9ellement africaine.<\/p><\/div><\/div><\/div><\/div><\/div><\/div>","protected":false},"excerpt":{"rendered":"<p>A team for Africa AA team for AfricaA team for AfricaLeadership and expertiseSouthBridge has assembled a highly experienced team of dedicated professionals with local knowledge and global expertise. We have a front row seat to the continent\u2019s opportunities. Our teams rely on a multidisciplinary approach, in which expertise, knowledge and backgrounds And all of us can call Africa home.Dedicated managementDonald &#8230; <\/p>\n<div><a href=\"https:\/\/www.southbgroup.com\/fr\/teams\/\" class=\"more-link\">En savoir plus<\/a><\/div>","protected":false},"author":9,"featured_media":0,"parent":0,"menu_order":0,"comment_status":"closed","ping_status":"closed","template":"template-blank-4.php","meta":{"_acf_changed":false,"_crdt_document":"","rs_blank_template":"","rs_page_bg_color":"","slide_template_v7":"","inline_featured_image":false,"footnotes":""},"class_list":["post-2048","page","type-page","status-publish","hentry","no-post-thumbnail"],"acf":[],"_links":{"self":[{"href":"https:\/\/www.southbgroup.com\/fr\/wp-json\/wp\/v2\/pages\/2048","targetHints":{"allow":["GET"]}}],"collection":[{"href":"https:\/\/www.southbgroup.com\/fr\/wp-json\/wp\/v2\/pages"}],"about":[{"href":"https:\/\/www.southbgroup.com\/fr\/wp-json\/wp\/v2\/types\/page"}],"author":[{"embeddable":true,"href":"https:\/\/www.southbgroup.com\/fr\/wp-json\/wp\/v2\/users\/9"}],"replies":[{"embeddable":true,"href":"https:\/\/www.southbgroup.com\/fr\/wp-json\/wp\/v2\/comments?post=2048"}],"version-history":[{"count":74,"href":"https:\/\/www.southbgroup.com\/fr\/wp-json\/wp\/v2\/pages\/2048\/revisions"}],"predecessor-version":[{"id":2972,"href":"https:\/\/www.southbgroup.com\/fr\/wp-json\/wp\/v2\/pages\/2048\/revisions\/2972"}],"wp:attachment":[{"href":"https:\/\/www.southbgroup.com\/fr\/wp-json\/wp\/v2\/media?parent=2048"}],"curies":[{"name":"wp","href":"https:\/\/api.w.org\/{rel}","templated":true}]}}